{"id":701,"date":"2021-03-31T07:44:14","date_gmt":"2021-03-31T07:44:14","guid":{"rendered":"https:\/\/gastrogust.cat\/aviso-legal-y-politica-de-privacidad\/"},"modified":"2021-03-31T07:44:15","modified_gmt":"2021-03-31T07:44:15","slug":"aviso-legal-y-politica-de-privacidad","status":"publish","type":"page","link":"https:\/\/gastrogust.cat\/es\/aviso-legal-y-politica-de-privacidad\/","title":{"rendered":"Aviso legal y pol\u00edtica de privacidad"},"content":{"rendered":"\n<p>De acuerdo con las obligaciones previstas en la Ley 34\/2002, de Servicios de la Sociedad de la Informaci\u00f3n, GASTROGUST SL manifiesta que el dominio www.gastrogust.cat es propiedad de GASTROGUST SL, con CIF ESB02752616, y con domicilio en Pol. Ind. Mol\u00ed d&#8217;en Serra C \/ Alt Pened\u00e8s, 5, 43710 Santa Oliva (Tarragona).<\/p>\n\n<p>Que GASTROGUST SL consta inscrita en el Registro Mercantil de Tarragona, en el T 3223, Libro 0, Secci\u00f3n 1, Folio 167 y Hoja 56180.<\/p>\n\n<p>GASTROGUST SL no puede asumir ninguna responsabilidad derivada del uso incorrecto, inapropiado o il\u00edcito de la informaci\u00f3n aparecida en sus p\u00e1ginas de Internet. Con los l\u00edmites establecidos en la ley, GASTROGUST SL no asume ninguna responsabilidad derivada de la falta de veracidad, integridad, actualizaci\u00f3n y precisi\u00f3n de los datos o informaciones que se contienen en sus p\u00e1ginas de Internet. <\/p>\n\n<p>Los contenidos e informaci\u00f3n de las p\u00e1ginas de Internet de GASTROGUST SL est\u00e1n elaborados por profesionales debidamente cualificados para el ejercicio de su profesi\u00f3n. Sin embargo, los contenidos e informaci\u00f3n no vinculan a la susodicha, ni constituyen opiniones, consejos o asesoramiento legal de ning\u00fan tipo, pues se trata meramente de un servicio ofrecido con car\u00e1cter informativo y divulgativo. Las p\u00e1ginas de Internet de GASTROGUST SL pueden contener enlaces (links) a otras p\u00e1ginas de terceras partes. Por lo tanto, \u00e9sta no puede asumir responsabilidades por el contenido que pueda aparecer en p\u00e1ginas de terceros. Los textos, im\u00e1genes, sonidos, animaciones, software y el resto de contenidos incluidos en este website son propiedad exclusiva de GASTROGUST SL o sus licenciantes. Cualquier acto de transmisi\u00f3n, distribuci\u00f3n, cesi\u00f3n, reproducci\u00f3n, almacenamiento o comunicaci\u00f3n p\u00fablica total o parcial, debe contar con el consentimiento expreso de GASTROGUST SL.<\/p>\n\n<p>Del mismo modo se reserva el derecho a retirar el acceso al Portal, sin necesidad de previo aviso, a cualquier usuario que contravenga lo dispuesto en este aviso legal.<\/p>\n\n<p>PROTECCI\u00d3 DE DADES PERSONALS<br\/>En virtut de la normativa de Protecci\u00f3 de Dades de Car\u00e0cter Personal, el fem coneixedor que les seves dades personals, que poden estar en aquesta comunicaci\u00f3, estan incorporades en el Fitxer de \u201cContactes\u201d responsabilitat de GASTROGUST SL , CIF: ESB02752616, inscrita al Registre Mercantil de Tarragona, al T 3223, Llibre 0, Secci\u00f3 1, Foli 167 i Full 56180.<\/p>\n\n<p>La finalidad de este tratamiento es la de llevar la gesti\u00f3n y control del correo electr\u00f3nico as\u00ed como la agenda de contactos y atender su petici\u00f3n. Estos datos no ser\u00e1n transmitidos a terceras personas y ser\u00e1n conservadas siempre que sea imprescindible o leg\u00edtimo para la finalidad que se captaron.<\/p>\n\n<p>Conforme all\u00f2 disposat a la normativa esmentada, podr\u00e0 indicar la revocaci\u00f3 del consentiment donat, aix\u00ed com exercitar els drets d\u2019acc\u00e9s, rectificaci\u00f3 o supressi\u00f3, la limitaci\u00f3 del tractament o oposar-se, aix\u00ed com el dret a la portabilitat de les dades. Aquestes peticions hauran de realitzar-se a Pol. Ind. Mol\u00ed d\u2019en Serra C\/Alt Pened\u00e8s, 5 , 43710 Santa Oliva (Tarragona ), o b\u00e9, enviar un correu electr\u00f2nic a info@gastrogust.cat<br\/>Aix\u00ed mateix podr\u00e0 presentar una reclamaci\u00f3 davant l\u2019Ag\u00e8ncia Espanyola de Protecci\u00f3 de Dades.<\/p>\n\n<p>PROPIETAT INDUSTRIAL I INTEL\u00b7LECTUAL<br\/>Aquesta web \u00e9s propietat de GASTROGUST SL. Els drets de Propietat Intel\u00b7lectual i drets d\u2019explotaci\u00f3 i reproducci\u00f3 d\u2019aquesta web, de les seves p\u00e0gines, pantalles, la Informaci\u00f3 que contenen, la seva aparen\u00e7a i disseny, aix\u00ed com els vincles (\u201chiperlinks\u201d) que s\u2019estableixin des d\u2019ella a altres p\u00e0gines web de qualsevol centre adscrits o organisme depenent, s\u00f3n propietat exclusiva d\u2019aquesta, tret que expressament s\u2019especifiqui altra cosa.<br\/>Qualsevol denominacions, dissenys i\/o logotips, aix\u00ed com qualsevol producte o servei oferts i reflectits en aquesta p\u00e0gina web, s\u00f3n marques degudament registrades per GASTROGUST SL , per les seves societats filials i\/o dominades o per tercers.<br\/>Qualsevol \u00fas indegut de les mateixes per persones diferents del seu leg\u00edtim titular i sense el consentiment expr\u00e9s i inequ\u00edvoc per part d\u2019aquest podr\u00e0 ser denunciat i perseguit a trav\u00e9s de tots els mitjans legals existents en l\u2019Ordenament Jur\u00eddic espanyol i\/o comunitari.<br\/>Els drets de propietat intel\u00b7lectual i marques de tercers estan destacats convenientment i han de ser respectats per tot aquell que accedeixi a aquesta p\u00e0gina, no sent responsabilitat de GASTROGUST SL l\u2019\u00fas que L\u2019USUARI pugui portar a terme referent a aix\u00f2, recaient la responsabilitat exclusiva en la seva persona.<br\/>Nom\u00e9s per a \u00fas personal i privat es permet descarregar els continguts, copiar o imprimir qualsevol p\u00e0gina d\u2019aquesta web. Queda prohibit reproduir, transmetre, modificar o suprimir la informaci\u00f3, contingut o advertiments d\u2019aquesta web sense la pr\u00e8via autoritzaci\u00f3 per escrit de GASTROGUST SL.<\/p>\n\n<p>GASTROGUST SL no transfiere a los usuarios la propiedad de su software. El usuario Es el propietario del soporte en el que el software se gravat.GASTROGUST SL posee todos los derechos de propiedad industrial e intelectual, incluyendo el sowftare. Si el usuario transfiere software de este website a su terminal, no podr\u00e1 diseccionar para su estudio y descompilar, traducir la versi\u00f3n del c\u00f3digo objeto original o su lenguaje a otro c\u00f3digo o lenguaje.<\/p>\n\n<p>LLEI APLICABLE I JURISDICCI\u00d3<br\/>Les presents condicions generals es regeixen per la Legislaci\u00f3 espanyola, sent competents els Jutjats i Tribunals espanyols per a con\u00e8ixer de quantes q\u00fcestions se suscitin sobre la interpretaci\u00f3, aplicaci\u00f3 i compliment de les mateixes. L\u2019USUARI, en virtut de la seva acceptaci\u00f3 a les condicions generals recollides en aquest av\u00eds legal, renuncia expressament a qualsevol fur que, per aplicaci\u00f3 de la Llei d\u2019Enjudiciament Civil vigent pogu\u00e9s correspondre-li.<\/p>\n","protected":false},"excerpt":{"rendered":"<p>De acuerdo con las obligaciones previstas en la Ley 34\/2002, de Servicios de la Sociedad de la Informaci\u00f3n, GASTROGUST SL manifiesta que el dominio www.gastrogust.cat es propiedad de GASTROGUST SL, con CIF ESB02752616, y con domicilio en Pol. Ind. Mol\u00ed d&#8217;en Serra C \/ Alt Pened\u00e8s, 5, 43710 Santa Oliva (Tarragona). Que GASTROGUST SL consta [&hellip;]<\/p>\n","protected":false},"author":1,"featured_media":0,"parent":0,"menu_order":0,"comment_status":"closed","ping_status":"closed","template":"","meta":{"_et_pb_use_builder":"","_et_pb_old_content":"","_et_gb_content_width":"","content-type":""},"_links":{"self":[{"href":"https:\/\/gastrogust.cat\/es\/wp-json\/wp\/v2\/pages\/701"}],"collection":[{"href":"https:\/\/gastrogust.cat\/es\/wp-json\/wp\/v2\/pages"}],"about":[{"href":"https:\/\/gastrogust.cat\/es\/wp-json\/wp\/v2\/types\/page"}],"author":[{"embeddable":true,"href":"https:\/\/gastrogust.cat\/es\/wp-json\/wp\/v2\/users\/1"}],"replies":[{"embeddable":true,"href":"https:\/\/gastrogust.cat\/es\/wp-json\/wp\/v2\/comments?post=701"}],"version-history":[{"count":0,"href":"https:\/\/gastrogust.cat\/es\/wp-json\/wp\/v2\/pages\/701\/revisions"}],"wp:attachment":[{"href":"https:\/\/gastrogust.cat\/es\/wp-json\/wp\/v2\/media?parent=701"}],"curies":[{"name":"wp","href":"https:\/\/api.w.org\/{rel}","templated":true}]}}