{"id":697,"date":"2021-03-31T07:38:52","date_gmt":"2021-03-31T07:38:52","guid":{"rendered":"https:\/\/gastrogust.cat\/politica-de-cookies\/"},"modified":"2021-03-31T15:20:30","modified_gmt":"2021-03-31T15:20:30","slug":"politica-de-cookies","status":"publish","type":"page","link":"https:\/\/gastrogust.cat\/es\/politica-de-cookies\/","title":{"rendered":"Pol\u00edtica de cookies"},"content":{"rendered":"\n<h2 class=\"wp-block-heading\">\u00bfQu\u00e9 son las cookies?<\/h2>\n\n<p>Este sitio web utiliza cookies y\/o tecnolog\u00edas similares que almacenan y recuperan informaci\u00f3n cuando navegas. En general, estas tecnolog\u00edas se pueden utilizar para fines muy diversas, como, por ejemplo, reconocerte como usuario, obtener informaci\u00f3n sobre tus h\u00e1bitos de navegaci\u00f3n, o personalizar la forma en que se muestra el contenido. Los usos concretos que hacemos de estas tecnolog\u00edas se describen a continuaci\u00f3n. <\/p>\n\n<h2 class=\"wp-block-heading\">\u00bfPara qu\u00e9 utiliza las cookies esta p\u00e1gina web?<\/h2>\n\n<p>Esta p\u00e1gina web utiliza las cookies para una serie de finalidades, incluidas:<\/p>\n\n<p><p>An\u00e1lisis: son aquellas que, tratadas por nosotros o por terceros, nos permiten cuantificar el n\u00famero de usuarios y as\u00ed realizar la medici\u00f3n y an\u00e1lisis estad\u00edstico de la utilizaci\u00f3n que hacen los usuarios del servicio ofrecido. Para ello se analiza tu navegaci\u00f3n en nuestra p\u00e1gina web con el fin de mejorar la oferta de productos o servicios que te ofrecemos. &lt;br\/&gt; Publicitarias: son aquellas que, tratadas por nosotros o por terceros, nos permiten analizar tus h\u00e1bitos de navegaci\u00f3n en Internet para que podamos mostrarte publicidad relacionada con tu perfil de navegaci\u00f3n.<\/p><\/p>\n\n<h2 class=\"wp-block-heading\">\u00bfQui\u00e9n utiliza las cookies en esta p\u00e1gina web?<\/h2>\n\n<p>La identificaci\u00f3n de quien utiliza las cookies, el tipo de cookies utilizadas y otros detalles, se indica a continuaci\u00f3n:<\/p>\n\n<h2 class=\"wp-block-heading\">Cookies de terceros<\/h2>\n\n<p><p><strong> Cookies: <\/strong> _ga <br\/><strong> Entidad que utiliza las cookies: <\/strong> Google <br\/><strong> Prop\u00f3sito: <\/strong> Esta cookie es instalada por Google Analytics. La cookie se utiliza para calcular los datos de visitantes, sesiones, campa\u00f1as y hacer un seguimiento del uso del sitio para el informe de an\u00e1lisis. Las cookies almacenan informaci\u00f3n de forma an\u00f3nima y asignan un n\u00famero generado aleatoriamente para identificar visitantes \u00fanicos. <br\/><strong>Duraci\u00f3n:<\/strong> 2 a\u00f1os <br\/><strong> M\u00e1s informaci\u00f3n <\/strong>: <a class=\"rank-math-link \" href=\" https:\/\/developers.google.com\/analytics\/devguides\/collection\/analyticsjs\/cookie-usage \"> Google Analytics <\/a> | <a class=\"rank-math-link\" href=\"https:\/\/policies.google.com\/privacy?hl=es\" target=\"_blank\" rel=\"noopener\"> Centro de privacidad de Google <\/a><\/p><\/p>\n\n<p><p><strong> Cookies: <\/strong> _gid <br\/><strong> Entidad que utiliza las cookies: <\/strong> Google <br\/><strong> Prop\u00f3sito: <\/strong> Esta cookie est\u00e1 instalada por Google Analytics . La cookie se utiliza para almacenar informaci\u00f3n sobre c\u00f3mo los visitantes usan el sitio web y ayudan a crear un informe anal\u00edtico de c\u00f3mo est\u00e1 funcionando el sitio web. Los datos recopilados, incluido el n\u00famero de visitantes, la fuente de donde provienen y las p\u00e1ginas, se muestran de forma an\u00f3nima. <br\/><strong>Duraci\u00f3n:<\/strong> 1 d\u00eda. <br\/><strong> M\u00e1s informaci\u00f3n: <\/strong><a href=\"https:\/\/policies.google.com\/privacy?hl=es&quot;class=&quot;rank-math-link&quot;\" target=\"_blank\" rel=\"noopener\">Google Analytics<\/a> | <a class=\" rank-math-link\" href=\"https: \/\/policies.google.com\/privacy?hl=es \"> Centro de privacidad de Google <\/a><\/p><\/p>\n\n<p><strong>Cookies:<\/strong> _gat_gtag_UA_120329939_1<br\/><strong>Entidad que utiliza las cookies:<\/strong> Google<br\/><strong>Prop\u00f3sito:<\/strong> Cookie anal\u00edtica. Google utiliza esta cookie para distinguir a los usuarios.<br\/><strong>Duraci\u00f3n: <\/strong>1 minuto<br\/><strong>M\u00e1s informaci\u00f3n: <\/strong><a href=\"https:\/\/developers.google.com\/analytics\/devguides\/collection\/analyticsjs\/cookie-usage\" class=\"rank-math-link\" target=\"_blank\" rel=\"noopener\">Google Analytics <\/a>|<a href=\"https:\/\/policies.google.com\/privacy?hl=es\" class=\"rank-math-link\" target=\"_blank\" rel=\"noopener\"> Centro de privacidad de Google<\/a><\/p>\n\n<p>Puedes informarte de las transferencias a terceros pa\u00edses que, en su caso, realizan los terceros identificados en esta pol\u00edtica de cookies en sus correspondientes pol\u00edticas (ver los enlaces facilitados en el apartado \u00abM\u00e1s informaci\u00f3n\u00bb del espacio anterior). Nota: Las cookies de tipo \u00abPropias\u00bb son utilizadas s\u00f3lo por el propietario de esta web y las cookies \u00abDe terceros\u00bb son utilizadas, tambi\u00e9n, por el prestador del servicio que est\u00e1 detallado en la tabla anterior.<\/p>\n\n<h2 class=\"wp-block-heading\">\u00bfC\u00f3mo puedo desactivar o eliminar estas cookies?<\/h2>\n\n<p>Puedes permitir o bloquear las cookies, as\u00ed como borrar tus datos de navegaci\u00f3n (incluidas las cookies) desde el navegador que se utiliza. Consulta las opciones e instrucciones que ofrece el navegador para este fin. Debes tener en cuenta que si aceptas las cookies de terceros, deber\u00e1s eliminarlas desde las opciones del navegador.<\/p>\n\n<p>A continuaci\u00f3n tienes disponibles los enlaces con la informaci\u00f3n para gestionar las cookies de los navegadores m\u00e1s utilizados: <\/p>\n\n<p><strong>Firefox:<br\/><\/strong><a href=\"http:\/\/support.mozilla.org\/es\/kb\/habilitar-y-deshabilitar-cookies-que-los-sitios-we\" class=\"rank-math-link\" target=\"_blank\" rel=\"noopener\">http:\/\/support.mozilla.org\/es\/kb\/habilitar-y-deshabilitar-cookies-que-los-sitios-we<\/a><br\/><strong>Chrome:<\/strong><br\/><a href=\"http:\/\/support.google.com\/chrome\/bin\/answer.py?hl=es&amp;answer=95647\" class=\"rank-math-link\" target=\"_blank\" rel=\"noopener\">http:\/\/support.google.com\/chrome\/bin\/answer.py?hl=es&amp;answer=95647<\/a><br\/><strong>Internet Explorer:<\/strong><br\/><a href=\"https:\/\/support.microsoft.com\/es-es\/help\/278835\/how-to-delete-cookie-files-in-internet-explorer&#010;\" class=\"rank-math-link\" target=\"_blank\" rel=\"noopener\">https:\/\/support.microsoft.com\/es-es\/help\/278835\/how-to-delete-cookie-files-in-internet-explorer<br\/><\/a><strong>Microsoft Edge:<\/strong><br\/><a href=\"https:\/\/support.microsoft.com\/es-es\/help\/4468242\/microsoft-edge-browsing-data-and-privacy-microsoft-privacy&#010;\" class=\"rank-math-link\" target=\"_blank\" rel=\"noopener\">https:\/\/support.microsoft.com\/es-es\/help\/4468242\/microsoft-edge-browsing-data-and-privacy-microsoft-privacy<br\/><\/a><strong>Safari:<\/strong><br\/><a href=\"http:\/\/support.apple.com\/kb\/ph5042\" class=\"rank-math-link\" target=\"_blank\" rel=\"noopener\">http:\/\/support.apple.com\/kb\/ph5042<\/a><br\/><strong>Opera:<\/strong><br\/><a href=\"http:\/\/help.opera.com\/Windows\/11.50\/es-ES\/cookies.html\" class=\"rank-math-link\" target=\"_blank\" rel=\"noopener\">http:\/\/help.opera.com\/Windows\/11.50\/es-ES\/cookies.html<\/a><\/p>\n\n<p><strong>Otros navegadores:<\/strong> consulta la documentaci\u00f3n del navegador que tengas instalado.<\/p>\n\n<p>Complemento de inhabilitaci\u00f3n para navegadores de Google Analytics<\/p>\n\n<p>Si deseas rechazar las cookies anal\u00edticas de Google Analytics en todos los navegadores, por lo que no se env\u00ede informaci\u00f3n tuya a Google Analitys, puedes descargar un complemento que realiza esta funci\u00f3n desde este enlace: <br\/><a href=\" https:\/\/tools.google.com\/dlpage\/gaoptout \" class=\" rank-math-link \"> https:\/\/tools.google.com\/dlpage\/gaoptout <\/a><\/p>\n\n<h2 class=\"wp-block-heading\"><strong>Ejercicio de derechos<\/strong><\/h2>\n\n<p>Puedes conocer y ejercer tus derechos en materia de protecci\u00f3n de datos accediendo a nuestra Pol\u00edtica de Privacidad.<\/p>\n","protected":false},"excerpt":{"rendered":"<p>\u00bfQu\u00e9 son las cookies? Este sitio web utiliza cookies y\/o tecnolog\u00edas similares que almacenan y recuperan informaci\u00f3n cuando navegas. En general, estas tecnolog\u00edas se pueden utilizar para fines muy diversas, como, por ejemplo, reconocerte como usuario, obtener informaci\u00f3n sobre tus h\u00e1bitos de navegaci\u00f3n, o personalizar la forma en que se muestra el contenido. Los usos [&hellip;]<\/p>\n","protected":false},"author":1,"featured_media":0,"parent":0,"menu_order":0,"comment_status":"closed","ping_status":"closed","template":"","meta":{"_et_pb_use_builder":"off","_et_pb_old_content":"<!-- wp:heading {\"translatedWithWPMLTM\":\"1\"} -->\n<h2>\u00bfQu\u00e9 son las cookies?<\/h2>\n<!-- \/wp:heading --><!-- wp:paragraph {\"translatedWithWPMLTM\":\"1\"} -->\n<p>Este sitio web utiliza cookies y\/o tecnolog\u00edas similares que almacenan y recuperan informaci\u00f3n cuando navegas. En general, estas tecnolog\u00edas se pueden utilizar para fines muy diversas, como, por ejemplo, reconocerte como usuario, obtener informaci\u00f3n sobre tus h\u00e1bitos de navegaci\u00f3n, o personalizar la forma en que se muestra el contenido. Los usos concretos que hacemos de estas tecnolog\u00edas se describen a continuaci\u00f3n. <\/p>\n<!-- \/wp:paragraph --><!-- wp:heading {\"translatedWithWPMLTM\":\"1\"} -->\n<h2>\u00bfPara qu\u00e9 utiliza las cookies esta p\u00e1gina web?<\/h2>\n<!-- \/wp:heading --><!-- wp:paragraph {\"translatedWithWPMLTM\":\"1\"} -->\n<p>Esta p\u00e1gina web utiliza las cookies para una serie de finalidades, incluidas:<\/p>\n<!-- \/wp:paragraph --><!-- wp:paragraph {\"translatedWithWPMLTM\":\"1\"} -->\n<p><p>An\u00e1lisis: son aquellas que, tratadas por nosotros o por terceros, nos permiten cuantificar el n\u00famero de usuarios y as\u00ed realizar la medici\u00f3n y an\u00e1lisis estad\u00edstico de la utilizaci\u00f3n que hacen los usuarios del servicio ofrecido. Para ello se analiza tu navegaci\u00f3n en nuestra p\u00e1gina web con el fin de mejorar la oferta de productos o servicios que te ofrecemos. &lt;br\/&gt; Publicitarias: son aquellas que, tratadas por nosotros o por terceros, nos permiten analizar tus h\u00e1bitos de navegaci\u00f3n en Internet para que podamos mostrarte publicidad relacionada con tu perfil de navegaci\u00f3n.<\/p><\/p>\n<!-- \/wp:paragraph --><!-- wp:heading {\"translatedWithWPMLTM\":\"1\"} -->\n<h2>\u00bfQui\u00e9n utiliza las cookies en esta p\u00e1gina web?<\/h2>\n<!-- \/wp:heading --><!-- wp:paragraph {\"translatedWithWPMLTM\":\"1\"} -->\n<p>La identificaci\u00f3n de quien utiliza las cookies, el tipo de cookies utilizadas y otros detalles, se indica a continuaci\u00f3n:<\/p>\n<!-- \/wp:paragraph --><!-- wp:heading {\"translatedWithWPMLTM\":\"1\"} -->\n<h2>Cookies de terceros<\/h2>\n<!-- \/wp:heading --><!-- wp:paragraph {\"translatedWithWPMLTM\":\"1\"} -->\n<p><p> <strong> Cookies: <\/strong> _ga <br\/><strong> Entidad que utiliza las cookies: <\/strong> Google <br\/><strong> Prop\u00f3sito: <\/strong> Esta cookie es instalada por Google Analytics. La cookie se utiliza para calcular los datos de visitantes, sesiones, campa\u00f1as y hacer un seguimiento del uso del sitio para el informe de an\u00e1lisis. Las cookies almacenan informaci\u00f3n de forma an\u00f3nima y asignan un n\u00famero generado aleatoriamente para identificar visitantes \u00fanicos. <br\/> Duraci\u00f3n: 2 a\u00f1os <br\/><strong> M\u00e1s informaci\u00f3n <\/strong>: <a class=\"rank-math-link \" href=\" https:\/\/developers.google.com\/analytics\/devguides\/collection\/analyticsjs\/cookie-usage \"> Google Analytics <\/a> | <a class=\"rank-math-link\" href=\"https:\/\/policies.google.com\/privacy?hl=es\"> Centro de privacidad de Google <\/a> <\/p><\/p>\n<!-- \/wp:paragraph --><!-- wp:paragraph {\"translatedWithWPMLTM\":\"1\"} -->\n<p><strong> Cookies: <\/strong> _gid <br\/><strong> Entidad que utiliza las cookies: <\/strong> Google <br\/><strong> Prop\u00f3sito: <\/strong> Esta cookie est\u00e1 instalada por Google Analytics . La cookie se utiliza para almacenar informaci\u00f3n sobre c\u00f3mo los visitantes usan el sitio web y ayudan a crear un informe anal\u00edtico de c\u00f3mo est\u00e1 funcionando el sitio web. Los datos recopilados, incluido el n\u00famero de visitantes, la fuente de donde provienen y las p\u00e1ginas, se muestran de forma an\u00f3nima. <br\/> Duraci\u00f3n: 1 d\u00eda. <br\/><strong> M\u00e1s informaci\u00f3n: <\/strong>  Google Analytics  | <a href=\"https: \/\/policies.google.com\/privacy?hl=es \" class=\" rank-math-link\"> Centro de privacidad de Google <\/a><\/p>\n<!-- \/wp:paragraph --><!-- wp:paragraph {\"translatedWithWPMLTM\":\"1\"} -->\n<p><strong>Cookies:<\/strong> _gat_gtag_UA_120329939_1<br\/><strong>Entidad que utiliza las cookies:<\/strong> Google<br\/><strong>Prop\u00f3sito:<\/strong> Cookie anal\u00edtica. Google utiliza esta cookie para distinguir a los usuarios.<br\/><strong>Durada: <\/strong>1 minut<br\/><strong>M\u00e1s informaci\u00f3n: <\/strong><a href=\"https:\/\/developers.google.com\/analytics\/devguides\/collection\/analyticsjs\/cookie-usage\" class=\"rank-math-link\">Google Analytics <\/a>|<a href=\"https:\/\/policies.google.com\/privacy?hl=es\" class=\"rank-math-link\"> Centro de privacidad de Google<\/a><\/p>\n<!-- \/wp:paragraph --><!-- wp:paragraph {\"translatedWithWPMLTM\":\"1\"} -->\n<p>Puedes informarte de las transferencias a terceros pa\u00edses que, en su caso, realizan los terceros identificados en esta pol\u00edtica de cookies en sus correspondientes pol\u00edticas (ver los enlaces facilitados en el apartado \"M\u00e1s informaci\u00f3n\" del espacio anterior). Nota: Las cookies de tipo \"Propias\" son utilizadas s\u00f3lo por el propietario de esta web y las cookies \"De terceros\" son utilizadas, tambi\u00e9n, por el prestador del servicio que est\u00e1 detallado en la tabla anterior.<\/p>\n<!-- \/wp:paragraph --><!-- wp:heading {\"translatedWithWPMLTM\":\"1\"} -->\n<h2>\u00bfC\u00f3mo puedo desactivar o eliminar estas cookies?<\/h2>\n<!-- \/wp:heading --><!-- wp:paragraph {\"translatedWithWPMLTM\":\"1\"} -->\n<p>Puedes permitir o bloquear las cookies, as\u00ed como borrar tus datos de navegaci\u00f3n (incluidas las cookies) desde el navegador que se utiliza. Consulta las opciones e instrucciones que ofrece el navegador para este fin. Debes tener en cuenta que si aceptas las cookies de terceros, deber\u00e1s eliminarlas desde las opciones del navegador.<\/p>\n<!-- \/wp:paragraph --><!-- wp:paragraph {\"translatedWithWPMLTM\":\"1\"} -->\n<p>A continuaci\u00f3n tienes disponibles los enlaces con la informaci\u00f3n para gestionar las cookies de los navegadores m\u00e1s utilizados: <\/p>\n<!-- \/wp:paragraph --><!-- wp:paragraph {\"translatedWithWPMLTM\":\"1\"} -->\n<p><strong>Firefox:<br\/><\/strong><a href=\"http:\/\/support.mozilla.org\/es\/kb\/habilitar-y-deshabilitar-cookies-que-los-sitios-we\" class=\"rank-math-link\">http:\/\/support.mozilla.org\/es\/kb\/habilitar-y-deshabilitar-cookies-que-los-sitios-we<\/a><br\/><strong>Chrome:<\/strong><br\/><a href=\"http:\/\/support.google.com\/chrome\/bin\/answer.py?hl=es&amp;answer=95647\" class=\"rank-math-link\">http:\/\/support.google.com\/chrome\/bin\/answer.py?hl=es&amp;answer=95647<\/a><br\/><strong>Internet Explorer:<\/strong><br\/><a href=\"https:\/\/support.microsoft.com\/es-es\/help\/278835\/how-to-delete-cookie-files-in-internet-explorer&#10;\" class=\"rank-math-link\">https:\/\/support.microsoft.com\/es-es\/help\/278835\/how-to-delete-cookie-files-in-internet-explorer<br\/><\/a><strong>Microsoft Edge:<\/strong><br\/><a href=\"https:\/\/support.microsoft.com\/es-es\/help\/4468242\/microsoft-edge-browsing-data-and-privacy-microsoft-privacy&#10;\" class=\"rank-math-link\">https:\/\/support.microsoft.com\/es-es\/help\/4468242\/microsoft-edge-browsing-data-and-privacy-microsoft-privacy<br\/><\/a><strong>Safari:<\/strong><br\/><a href=\"http:\/\/support.apple.com\/kb\/ph5042\" class=\"rank-math-link\">http:\/\/support.apple.com\/kb\/ph5042<\/a><br\/><strong>Opera:<\/strong><br\/><a href=\"http:\/\/help.opera.com\/Windows\/11.50\/es-ES\/cookies.html\" class=\"rank-math-link\">http:\/\/help.opera.com\/Windows\/11.50\/es-ES\/cookies.html<\/a><\/p>\n<!-- \/wp:paragraph --><!-- wp:paragraph {\"translatedWithWPMLTM\":\"1\"} -->\n<p><strong>Otros navegadores:<\/strong> consulta la documentaci\u00f3n del navegador que tengas instalado.<\/p>\n<!-- \/wp:paragraph --><!-- wp:paragraph {\"translatedWithWPMLTM\":\"1\"} -->\n<p>Complemento de inhabilitaci\u00f3n para navegadores de Google Analytics<\/p>\n<!-- \/wp:paragraph --><!-- wp:paragraph {\"translatedWithWPMLTM\":\"1\"} -->\n<p>Si deseas rechazar las cookies anal\u00edticas de Google Analytics en todos los navegadores, por lo que no se env\u00ede informaci\u00f3n tuya a Google Analitys, puedes descargar un complemento que realiza esta funci\u00f3n desde este enlace: <br\/><a href=\" https:\/\/tools.google.com\/dlpage\/gaoptout \" class=\" rank-math-link \"> https:\/\/tools.google.com\/dlpage\/gaoptout <\/a><\/p>\n<!-- \/wp:paragraph --><!-- wp:heading {\"translatedWithWPMLTM\":\"1\"} -->\n<h2><strong>Ejercicio de derechos<\/strong><\/h2>\n<!-- \/wp:heading --><!-- wp:paragraph {\"translatedWithWPMLTM\":\"1\"} -->\n<p>Puedes conocer y ejercer tus derechos en materia de protecci\u00f3n de datos accediendo a nuestra Pol\u00edtica de Privacidad.<\/p>\n<!-- \/wp:paragraph -->","_et_gb_content_width":"","content-type":""},"_links":{"self":[{"href":"https:\/\/gastrogust.cat\/es\/wp-json\/wp\/v2\/pages\/697"}],"collection":[{"href":"https:\/\/gastrogust.cat\/es\/wp-json\/wp\/v2\/pages"}],"about":[{"href":"https:\/\/gastrogust.cat\/es\/wp-json\/wp\/v2\/types\/page"}],"author":[{"embeddable":true,"href":"https:\/\/gastrogust.cat\/es\/wp-json\/wp\/v2\/users\/1"}],"replies":[{"embeddable":true,"href":"https:\/\/gastrogust.cat\/es\/wp-json\/wp\/v2\/comments?post=697"}],"version-history":[{"count":0,"href":"https:\/\/gastrogust.cat\/es\/wp-json\/wp\/v2\/pages\/697\/revisions"}],"wp:attachment":[{"href":"https:\/\/gastrogust.cat\/es\/wp-json\/wp\/v2\/media?parent=697"}],"curies":[{"name":"wp","href":"https:\/\/api.w.org\/{rel}","templated":true}]}}