{"id":672,"date":"2021-03-30T15:43:31","date_gmt":"2021-03-30T15:43:31","guid":{"rendered":"https:\/\/gastrogust.cat\/inicio\/"},"modified":"2023-12-04T13:49:54","modified_gmt":"2023-12-04T12:49:54","slug":"inicio","status":"publish","type":"page","link":"https:\/\/gastrogust.cat\/es\/","title":{"rendered":"Inicio"},"content":{"rendered":"<p>[et_pb_section fb_built=\u00bb1&#8243; _builder_version=\u00bb4.16&#8243; _module_preset=\u00bbdefault\u00bb custom_padding=\u00bb0px||0px|||\u00bb global_colors_info=\u00bb{}\u00bb][et_pb_row _builder_version=\u00bb4.23.1&#8243; _module_preset=\u00bb26df0b72-697c-4b67-99d6-05e1b4c8fe45&#8243; background_image=\u00bbhttps:\/\/gastrogust.cat\/wp-content\/uploads\/2023\/11\/xavier-marques-gastrogust.jpg\u00bb global_colors_info=\u00bb{}\u00bb][et_pb_column type=\u00bb4_4&#8243; _builder_version=\u00bb4.16&#8243; _module_preset=\u00bbdefault\u00bb global_colors_info=\u00bb{}\u00bb][\/et_pb_column][\/et_pb_row][\/et_pb_section][et_pb_section fb_built=\u00bb1&#8243; _builder_version=\u00bb4.16&#8243; _module_preset=\u00bbdefault\u00bb custom_padding=\u00bb0px||0px|||\u00bb global_colors_info=\u00bb{}\u00bb][et_pb_row column_structure=\u00bb2_5,3_5&#8243; use_custom_gutter=\u00bbon\u00bb gutter_width=\u00bb1&#8243; make_equal=\u00bbon\u00bb _builder_version=\u00bb4.23.1&#8243; _module_preset=\u00bbdefault\u00bb global_colors_info=\u00bb{}\u00bb][et_pb_column type=\u00bb2_5&#8243; _builder_version=\u00bb4.16&#8243; _module_preset=\u00bbdefault\u00bb background_color=\u00bb#f2deae\u00bb custom_padding=\u00bb100px|50px|100px|100px|false|false\u00bb custom_padding_tablet=\u00bb|||50px|false|false\u00bb custom_padding_phone=\u00bb50px|50px|50px|50px|false|false\u00bb custom_padding_last_edited=\u00bbon|tablet\u00bb global_colors_info=\u00bb{}\u00bb][et_pb_text _builder_version=\u00bb4.16&#8243; _module_preset=\u00bb03b1f7ad-a160-44ad-a734-66cbaab3811c\u00bb header_font_size=\u00bb35px\u00bb header_font_size_tablet=\u00bb\u00bb header_font_size_phone=\u00bb\u00bb header_font_size_last_edited=\u00bbon|desktop\u00bb global_colors_info=\u00bb{}\u00bb]<\/p>\n<h1><strong>GastroGust<\/strong><\/h1>\n<h1>10 a\u00f1os ofreciendo soluciones gastron\u00f3micas <strong>para cocineros<\/strong><\/h1>\n<p>[\/et_pb_text][\/et_pb_column][et_pb_column type=\u00bb3_5&#8243; _builder_version=\u00bb4.23.1&#8243; _module_preset=\u00bbdefault\u00bb background_color=\u00bbRGBA(255,255,255,0)\u00bb custom_padding=\u00bb100px|100px|100px|50px|false|false\u00bb custom_padding_tablet=\u00bb|50px|||false|false\u00bb custom_padding_phone=\u00bb50px||50px|50px|false|false\u00bb custom_padding_last_edited=\u00bbon|phone\u00bb global_colors_info=\u00bb{}\u00bb][et_pb_text _builder_version=\u00bb4.23.1&#8243; _module_preset=\u00bb03b1f7ad-a160-44ad-a734-66cbaab3811c\u00bb global_colors_info=\u00bb{}\u00bb]Ofrecemos servicios de recursos gastron\u00f3micos para aquellos negocios que han decidido externalizar la producci\u00f3n de parte o la totalidad de sus productos.[\/et_pb_text][et_pb_button button_url=\u00bbhttps:\/\/gastrogust.cat\/es\/gastrogust\/#beneficis-horeca\u00bb button_text=\u00bbConoce los beneficios\u00bb _builder_version=\u00bb4.23.1&#8243; _module_preset=\u00bbdefault\u00bb background_layout=\u00bblight\u00bb global_colors_info=\u00bb{}\u00bb button_bg_enable_color__hover=\u00bbon\u00bb][\/et_pb_button][\/et_pb_column][\/et_pb_row][\/et_pb_section][et_pb_section fb_built=\u00bb1&#8243; _builder_version=\u00bb4.16&#8243; _module_preset=\u00bbdefault\u00bb custom_padding=\u00bb0px||0px|||\u00bb global_colors_info=\u00bb{}\u00bb][et_pb_row column_structure=\u00bb2_5,3_5&#8243; use_custom_gutter=\u00bbon\u00bb gutter_width=\u00bb1&#8243; make_equal=\u00bbon\u00bb _builder_version=\u00bb4.23.1&#8243; _module_preset=\u00bbdefault\u00bb background_color=\u00bb#f2deae\u00bb custom_css_main_element=\u00bbalign-items:center\u00bb global_colors_info=\u00bb{}\u00bb][et_pb_column type=\u00bb2_5&#8243; _builder_version=\u00bb4.16&#8243; _module_preset=\u00bb6d41a6de-5e81-4f3b-a018-f68e9ebd1c3a\u00bb global_colors_info=\u00bb{}\u00bb][et_pb_text content_tablet=\u00bb\u00bb content_phone=\u00bbGastroGust es un obrador de cocina especializado en la 5a gama y cocina de ensamblaje.\u00bb content_last_edited=\u00bbon|phone\u00bb _builder_version=\u00bb4.16&#8243; _module_preset=\u00bb03b1f7ad-a160-44ad-a734-66cbaab3811c\u00bb custom_padding=\u00bb||1px|||\u00bb global_colors_info=\u00bb{}\u00bb]<\/p>\n<p>GastroGust<br \/> es un obrador de<br \/> cocina especializado<br \/> en la <strong>5a gama<br \/> <\/strong>y cocina de ensamblaje.<\/p>\n<p>[\/et_pb_text][\/et_pb_column][et_pb_column type=\u00bb3_5&#8243; _builder_version=\u00bb4.23.1&#8243; _module_preset=\u00bbdefault\u00bb background_image=\u00bbhttps:\/\/gastrogust.cat\/wp-content\/uploads\/2023\/11\/gastrogust-quinta-gama.jpg\u00bb custom_padding=\u00bb||||false|false\u00bb custom_padding_tablet=\u00bb||||false|false\u00bb custom_padding_last_edited=\u00bboff|desktop\u00bb global_colors_info=\u00bb{}\u00bb][et_pb_image src=\u00bbhttps:\/\/gastrogust.cat\/wp-content\/uploads\/2023\/11\/gastrogust-quinta-gama.jpg\u00bb alt=\u00bbGastroGust cocinados chef\u00bb title_text=\u00bbGastroGust Quinta Gama\u00bb _builder_version=\u00bb4.23.1&#8243; _module_preset=\u00bbdefault\u00bb custom_padding=\u00bb||||false|false\u00bb filter_opacity=\u00bb0%\u00bb filter_opacity_tablet=\u00bb100%\u00bb filter_opacity_phone=\u00bb\u00bb filter_opacity_last_edited=\u00bbon|tablet\u00bb global_colors_info=\u00bb{}\u00bb][\/et_pb_image][\/et_pb_column][\/et_pb_row][et_pb_row column_structure=\u00bb2_5,3_5&#8243; use_custom_gutter=\u00bbon\u00bb gutter_width=\u00bb1&#8243; make_equal=\u00bbon\u00bb _builder_version=\u00bb4.16&#8243; _module_preset=\u00bbdefault\u00bb use_background_color_gradient=\u00bbon\u00bb background_color_gradient_direction=\u00bb90deg\u00bb background_color_gradient_stops=\u00bb#f2deae 40%|rgba(0,0,0,0) 40%\u00bb background_color_gradient_start=\u00bb#f2deae\u00bb background_color_gradient_start_position=\u00bb40%\u00bb background_color_gradient_end=\u00bbrgba(0,0,0,0)\u00bb background_color_gradient_end_position=\u00bb40%\u00bb background_last_edited=\u00bbon|tablet\u00bb use_background_color_gradient_phone=\u00bboff\u00bb background_color_gradient_direction_tablet=\u00bb180deg\u00bb global_colors_info=\u00bb{}\u00bb null_phone=\u00bb#f2deae\u00bb][et_pb_column type=\u00bb2_5&#8243; _builder_version=\u00bb4.16&#8243; _module_preset=\u00bb6d41a6de-5e81-4f3b-a018-f68e9ebd1c3a\u00bb background_color=\u00bb#f2deae\u00bb custom_padding_tablet=\u00bb|50px||50px|false|false\u00bb custom_padding_phone=\u00bb50px|50px|50px|50px|false|false\u00bb custom_padding_last_edited=\u00bbon|phone\u00bb global_colors_info=\u00bb{}\u00bb][et_pb_text _builder_version=\u00bb4.16&#8243; _module_preset=\u00bb03b1f7ad-a160-44ad-a734-66cbaab3811c\u00bb global_colors_info=\u00bb{}\u00bb]<\/p>\n<p>Los alimentos de 5a gama, tambi\u00e9n conocidos como de alta gama, son el resultado de la aplicaci\u00f3n de las nuevas tecnolog\u00edas en el mundo de la gastronom\u00eda.<\/p>\n<p>[\/et_pb_text][\/et_pb_column][et_pb_column type=\u00bb3_5&#8243; _builder_version=\u00bb4.16&#8243; _module_preset=\u00bb6d41a6de-5e81-4f3b-a018-f68e9ebd1c3a\u00bb custom_padding=\u00bb100px|200px|100px|50px|false|false\u00bb custom_padding_tablet=\u00bb|50px|||false|false\u00bb custom_padding_phone=\u00bb50px|50px|50px|50px|false|false\u00bb custom_padding_last_edited=\u00bbon|phone\u00bb global_colors_info=\u00bb{}\u00bb][et_pb_text _builder_version=\u00bb4.16&#8243; _module_preset=\u00bba048a7f7-cb06-43ed-a85c-e790c9f29964&#8243; global_colors_info=\u00bb{}\u00bb]Los productos de quinta gama son utilizados en gran cantidad de restaurantes y hoteles como herramienta complementaria para la elaboraci\u00f3n de sus platos, ya que permiten obtener unos resultados muy buenos de forma f\u00e1cil, r\u00e1pida y econ\u00f3mica.[\/et_pb_text][et_pb_button button_url=\u00bb@ET-DC@eyJkeW5hbWljIjp0cnVlLCJjb250ZW50IjoicG9zdF9saW5rX3VybF9wYWdlIiwic2V0dGluZ3MiOnsicG9zdF9pZCI6IjIwOSJ9fQ==@\u00bb button_text=\u00bbTodo sobre la 5a gama\u00bb _builder_version=\u00bb4.16&#8243; _dynamic_attributes=\u00bbbutton_url\u00bb _module_preset=\u00bbdefault\u00bb global_colors_info=\u00bb{}\u00bb button_bg_enable_color__hover=\u00bbon\u00bb][\/et_pb_button][\/et_pb_column][\/et_pb_row][et_pb_row column_structure=\u00bb2_5,3_5&#8243; use_custom_gutter=\u00bbon\u00bb gutter_width=\u00bb1&#8243; make_equal=\u00bbon\u00bb _builder_version=\u00bb4.23.1&#8243; _module_preset=\u00bbdefault\u00bb background_color=\u00bb#f53340&#8243; hover_enabled=\u00bb0&#8243; global_colors_info=\u00bb{}\u00bb sticky_enabled=\u00bb0&#8243;][et_pb_column type=\u00bb2_5&#8243; _builder_version=\u00bb4.23.1&#8243; _module_preset=\u00bbdefault\u00bb background_image=\u00bbhttps:\/\/gastrogust.cat\/wp-content\/uploads\/2023\/12\/elaboracio-de-quinta-gamma-gastrogust.jpg\u00bb custom_padding=\u00bb||||false|false\u00bb custom_padding_tablet=\u00bb||||false|false\u00bb custom_padding_last_edited=\u00bboff|desktop\u00bb hover_enabled=\u00bb0&#8243; global_colors_info=\u00bb{}\u00bb title_text=\u00bbElaboracio\u0301-de-quinta-gamma-GastroGust\u00bb sticky_enabled=\u00bb0&#8243;][et_pb_image src=\u00bbhttps:\/\/gastrogust.cat\/wp-content\/uploads\/2023\/12\/elaboracio-de-quinta-gamma-gastrogust.jpg\u00bb alt=\u00bbGastroGust cocinados\u00bb title_text=\u00bbElaboracio\u0301-de-quinta-gamma-GastroGust\u00bb _builder_version=\u00bb4.23.1&#8243; _module_preset=\u00bbdefault\u00bb custom_padding=\u00bb||||false|false\u00bb filter_opacity=\u00bb0%\u00bb hover_enabled=\u00bb0&#8243; filter_opacity_tablet=\u00bb100%\u00bb filter_opacity_phone=\u00bb\u00bb filter_opacity_last_edited=\u00bbon|tablet\u00bb global_colors_info=\u00bb{}\u00bb sticky_enabled=\u00bb0&#8243;][\/et_pb_image][\/et_pb_column][et_pb_column type=\u00bb3_5&#8243; _builder_version=\u00bb4.23.1&#8243; _module_preset=\u00bb6d41a6de-5e81-4f3b-a018-f68e9ebd1c3a\u00bb background_color=\u00bb#F2DEAE\u00bb custom_padding=\u00bb100px|100px|25px|50px|false|false\u00bb global_colors_info=\u00bb{}\u00bb][et_pb_text _builder_version=\u00bb4.23.1&#8243; _module_preset=\u00bb03b1f7ad-a160-44ad-a734-66cbaab3811c\u00bb header_2_text_color=\u00bb#222222&#8243; header_2_font_size=\u00bb35px\u00bb custom_padding=\u00bb||15px||false|false\u00bb global_colors_info=\u00bb{}\u00bb]<\/p>\n<h2>Elaboraci\u00f3n<br \/>de la 5a Gama<\/h2>\n<p>[\/et_pb_text][et_pb_text _builder_version=\u00bb4.23.1&#8243; _module_preset=\u00bba048a7f7-cb06-43ed-a85c-e790c9f29964&#8243; global_colors_info=\u00bb{}\u00bb]<\/p>\n<p>Cocinamos platos de calidad, con ingredientes de proximidad, diferenciales, innovadores, sin conservantes ni colorantes, a baja temperatura, listos para calentar y disfrutar.<\/p>\n<p>[\/et_pb_text][et_pb_button button_url=\u00bbhttps:\/\/gastrogust.cat\/es\/gastrogust\/#elaboracio\u00bb button_text=\u00bbM\u00e1s sobre el proceso de elaboraci\u00f3n\u00bb _builder_version=\u00bb4.23.1&#8243; _module_preset=\u00bbdefault\u00bb custom_margin_tablet=\u00bb\u00bb custom_margin_phone=\u00bb\u00bb custom_margin_last_edited=\u00bbon|phone\u00bb global_colors_info=\u00bb{}\u00bb button_bg_enable_color__hover=\u00bbon\u00bb][\/et_pb_button][\/et_pb_column][\/et_pb_row][\/et_pb_section][et_pb_section fb_built=\u00bb1&#8243; _builder_version=\u00bb4.16&#8243; _module_preset=\u00bbdefault\u00bb background_color=\u00bbrgba(0,0,0,0)\u00bb background_color_gradient_direction=\u00bb90deg\u00bb custom_padding=\u00bb0px||0px|||\u00bb global_colors_info=\u00bb{}\u00bb][et_pb_row column_structure=\u00bb2_5,3_5&#8243; use_custom_gutter=\u00bbon\u00bb gutter_width=\u00bb1&#8243; make_equal=\u00bbon\u00bb _builder_version=\u00bb4.23.1&#8243; _module_preset=\u00bbdefault\u00bb border_width_right=\u00bb25px\u00bb border_color_right=\u00bb#f2deae\u00bb border_width_left=\u00bb25px\u00bb border_color_left=\u00bb#f53340&#8243; border_width_all_tablet=\u00bb\u00bb border_width_all_phone=\u00bb\u00bb border_width_all_last_edited=\u00bbon|phone\u00bb border_width_right_tablet=\u00bb\u00bb border_width_right_phone=\u00bb0px\u00bb border_width_right_last_edited=\u00bbon|phone\u00bb border_width_left_tablet=\u00bb\u00bb border_width_left_phone=\u00bb0px\u00bb border_width_left_last_edited=\u00bbon|phone\u00bb global_colors_info=\u00bb{}\u00bb][et_pb_column type=\u00bb2_5&#8243; _builder_version=\u00bb4.16&#8243; _module_preset=\u00bb6d41a6de-5e81-4f3b-a018-f68e9ebd1c3a\u00bb custom_padding=\u00bb100px|100px|100px|50px|false|false\u00bb custom_css_main_element=\u00bbmargin: auto auto 0;\u00bb global_colors_info=\u00bb{}\u00bb][et_pb_text _builder_version=\u00bb4.16&#8243; _module_preset=\u00bb03b1f7ad-a160-44ad-a734-66cbaab3811c\u00bb header_2_font_size=\u00bb35px\u00bb locked=\u00bboff\u00bb global_colors_info=\u00bb{}\u00bb]<\/p>\n<h2>Xavier Marqu\u00e8s<br \/> <strong>chef GastroGust<\/strong><\/h2>\n<p>[\/et_pb_text][et_pb_text _builder_version=\u00bb4.16&#8243; _module_preset=\u00bba048a7f7-cb06-43ed-a85c-e790c9f29964&#8243; header_text_color=\u00bb#ffffff\u00bb header_font_size=\u00bb42px\u00bb header_line_height=\u00bb52px\u00bb global_colors_info=\u00bb{}\u00bb text_letter_spacing__hover_enabled=\u00bboff|desktop\u00bb]<\/p>\n<p>Dirige el \u00e1rea de I+D continuo a fin de ofrecer nuevos productos al mercado, basados en la calidad y con la seguridad alimentaria que se requiere.<\/p>\n<p>[\/et_pb_text][et_pb_button button_url=\u00bb@ET-DC@eyJkeW5hbWljIjp0cnVlLCJjb250ZW50IjoicG9zdF9saW5rX3VybF9wYWdlIiwic2V0dGluZ3MiOnsicG9zdF9pZCI6IjIwNyJ9fQ==@\u00bb button_text=\u00bbm\u00e1s sobre el chef\u00bb _builder_version=\u00bb4.16&#8243; _dynamic_attributes=\u00bbbutton_url\u00bb _module_preset=\u00bbdefault\u00bb custom_margin=\u00bb25px||||false|false\u00bb global_colors_info=\u00bb{}\u00bb button_bg_enable_color__hover=\u00bbon\u00bb][\/et_pb_button][\/et_pb_column][et_pb_column type=\u00bb3_5&#8243; _builder_version=\u00bb4.23.1&#8243; _module_preset=\u00bbdefault\u00bb background_image=\u00bbhttps:\/\/gastrogust.cat\/wp-content\/uploads\/2023\/11\/xavier-marques-el-xef-de-gastrogust.jpg\u00bb custom_padding=\u00bb||||false|false\u00bb custom_padding_tablet=\u00bb||||false|false\u00bb custom_padding_last_edited=\u00bboff|desktop\u00bb global_colors_info=\u00bb{}\u00bb][et_pb_image src=\u00bbhttps:\/\/gastrogust.cat\/wp-content\/uploads\/2023\/11\/xavier-marques-el-xef-de-gastrogust.jpg\u00bb alt=\u00bbGastroGust cocinados\u00bb title_text=\u00bbXavier Marqu\u00e8s GastroGust\u00bb _builder_version=\u00bb4.23.1&#8243; _module_preset=\u00bbdefault\u00bb custom_padding=\u00bb||||false|false\u00bb filter_opacity=\u00bb0%\u00bb filter_opacity_tablet=\u00bb100%\u00bb filter_opacity_phone=\u00bb\u00bb filter_opacity_last_edited=\u00bbon|desktop\u00bb global_colors_info=\u00bb{}\u00bb][\/et_pb_image][\/et_pb_column][\/et_pb_row][\/et_pb_section][et_pb_section fb_built=\u00bb1&#8243; disabled_on=\u00bbon|on|on\u00bb _builder_version=\u00bb4.23.1&#8243; _module_preset=\u00bbdefault\u00bb background_color=\u00bbRGBA(255,255,255,0)\u00bb background_color_gradient_direction=\u00bb90deg\u00bb custom_padding=\u00bb0px||0px|||\u00bb disabled=\u00bbon\u00bb global_colors_info=\u00bb{}\u00bb][et_pb_row use_custom_gutter=\u00bbon\u00bb gutter_width=\u00bb1&#8243; make_equal=\u00bbon\u00bb _builder_version=\u00bb4.23.1&#8243; _module_preset=\u00bbdefault\u00bb border_width_right=\u00bb25px\u00bb border_color_right=\u00bb#f53340&#8243; border_width_left=\u00bb25px\u00bb border_color_left=\u00bb#f2deae\u00bb global_colors_info=\u00bb{}\u00bb][et_pb_column type=\u00bb4_4&#8243; _builder_version=\u00bb4.16&#8243; _module_preset=\u00bbdefault\u00bb custom_padding=\u00bb||||false|false\u00bb custom_padding_tablet=\u00bb||||false|false\u00bb custom_padding_last_edited=\u00bboff|desktop\u00bb global_colors_info=\u00bb{}\u00bb][et_pb_gallery gallery_ids=\u00bb627,624&#8243; fullwidth=\u00bbon\u00bb dbdb_version=\u00bb3.9.1&#8243; _builder_version=\u00bb4.16&#8243; _module_preset=\u00bbdefault\u00bb global_colors_info=\u00bb{}\u00bb][\/et_pb_gallery][\/et_pb_column][\/et_pb_row][\/et_pb_section]<\/p>\n","protected":false},"excerpt":{"rendered":"<p>GastroGust 10 a\u00f1os ofreciendo soluciones gastron\u00f3micas para cocinerosOfrecemos servicios de recursos gastron\u00f3micos para aquellos negocios que han decidido externalizar la producci\u00f3n de parte o la totalidad de sus productos.GastroGust es un obrador de cocina especializado en la 5a gama y cocina de ensamblaje.Los alimentos de 5a gama, tambi\u00e9n conocidos como de alta gama, son el [&hellip;]<\/p>\n","protected":false},"author":1,"featured_media":0,"parent":0,"menu_order":0,"comment_status":"closed","ping_status":"closed","template":"","meta":{"_et_pb_use_builder":"on","_et_pb_old_content":"","_et_gb_content_width":"","content-type":""},"_links":{"self":[{"href":"https:\/\/gastrogust.cat\/es\/wp-json\/wp\/v2\/pages\/672"}],"collection":[{"href":"https:\/\/gastrogust.cat\/es\/wp-json\/wp\/v2\/pages"}],"about":[{"href":"https:\/\/gastrogust.cat\/es\/wp-json\/wp\/v2\/types\/page"}],"author":[{"embeddable":true,"href":"https:\/\/gastrogust.cat\/es\/wp-json\/wp\/v2\/users\/1"}],"replies":[{"embeddable":true,"href":"https:\/\/gastrogust.cat\/es\/wp-json\/wp\/v2\/comments?post=672"}],"version-history":[{"count":48,"href":"https:\/\/gastrogust.cat\/es\/wp-json\/wp\/v2\/pages\/672\/revisions"}],"predecessor-version":[{"id":1855,"href":"https:\/\/gastrogust.cat\/es\/wp-json\/wp\/v2\/pages\/672\/revisions\/1855"}],"wp:attachment":[{"href":"https:\/\/gastrogust.cat\/es\/wp-json\/wp\/v2\/media?parent=672"}],"curies":[{"name":"wp","href":"https:\/\/api.w.org\/{rel}","templated":true}]}}