{"id":661,"date":"2021-03-30T15:27:18","date_gmt":"2021-03-30T15:27:18","guid":{"rendered":"https:\/\/gastrogust.cat\/5a-gama\/"},"modified":"2023-12-04T13:37:12","modified_gmt":"2023-12-04T12:37:12","slug":"5a-gama","status":"publish","type":"page","link":"https:\/\/gastrogust.cat\/es\/5a-gama\/","title":{"rendered":"5a gama"},"content":{"rendered":"<p>[et_pb_section fb_built=\u00bb1&#8243; _builder_version=\u00bb4.16&#8243; _module_preset=\u00bbdefault\u00bb background_color=\u00bbrgba(0,0,0,0)\u00bb background_color_gradient_direction=\u00bb90deg\u00bb custom_padding=\u00bb0px||0px|||\u00bb global_colors_info=\u00bb{}\u00bb][et_pb_row column_structure=\u00bb3_5,2_5&#8243; use_custom_gutter=\u00bbon\u00bb gutter_width=\u00bb1&#8243; make_equal=\u00bbon\u00bb _builder_version=\u00bb4.23.1&#8243; _module_preset=\u00bbdefault\u00bb global_colors_info=\u00bb{}\u00bb][et_pb_column type=\u00bb3_5&#8243; _builder_version=\u00bb4.16&#8243; _module_preset=\u00bb6d41a6de-5e81-4f3b-a018-f68e9ebd1c3a\u00bb global_colors_info=\u00bb{}\u00bb][et_pb_text _builder_version=\u00bb4.16&#8243; _module_preset=\u00bba601c61d-5b34-4c86-b2ce-4bafe3d0ad61&#8243; global_colors_info=\u00bb{}\u00bb]<\/p>\n<h1><strong>5a Gama<\/strong><\/h1>\n<p>[\/et_pb_text][et_pb_text _builder_version=\u00bb4.16&#8243; _module_preset=\u00bb5081e494-3da9-4201-aa24-a8b99bd66b6d\u00bb custom_margin=\u00bb15px||||false|false\u00bb global_colors_info=\u00bb{}\u00bb]<\/p>\n<p>Los alimentos de 5a gama, tambi\u00e9n conocidos como de alta gama, son el resultado de la aplicaci\u00f3n de las nuevas tecnolog\u00edas de elaboraci\u00f3n y conservaci\u00f3n en el mundo de la gastronom\u00eda, que hacen posible disponer de platos elaborados la alta calidad.<\/p>\n<p>Para obtener una buena seguridad alimentaria, los productos de 5a gama est\u00e1n sometidos a temperaturas altas y enfriamientos r\u00e1pidos (pasteurizaci\u00f3n y abatimiento de temperatura). Este tratamiento t\u00e9rmico garantiza la eliminaci\u00f3n de los posibles microorganismos pat\u00f3genos, al tiempo que respeta las caracter\u00edsticas originales del plato, tanto nutricionales como sensoriales (textura, sabor, aroma), haciendo que sea muy dif\u00edcil diferenciarlos de los \u00abreci\u00e9n hechos\u00bb.<\/p>\n<p>Los productos de quinta gama son utilizados en gran cantidad de restaurantes y hoteles como herramienta complementaria para la elaboraci\u00f3n de sus platos, ya que permiten obtener unos resultados \u00f3ptimos de forma m\u00e1s f\u00e1cil y econ\u00f3mica.<\/p>\n<p>La regeneraci\u00f3n del producto se puede hacer en varias modalidades (horno, ba\u00f1o mar\u00eda, microondas) siempre con nuestro asesoramiento y formaci\u00f3n en su caso.<\/p>\n<p>[\/et_pb_text][\/et_pb_column][et_pb_column type=\u00bb2_5&#8243; _builder_version=\u00bb4.23.1&#8243; _module_preset=\u00bbdefault\u00bb background_image=\u00bbhttps:\/\/gastrogust.cat\/wp-content\/uploads\/2023\/11\/gastrogust-obrador-operaria.jpg\u00bb global_colors_info=\u00bb{}\u00bb][et_pb_divider show_divider=\u00bboff\u00bb disabled_on=\u00bbon|on|off\u00bb _builder_version=\u00bb4.16&#8243; _module_preset=\u00bbdefault\u00bb global_colors_info=\u00bb{}\u00bb][\/et_pb_divider][et_pb_image src=\u00bbhttps:\/\/gastrogust.cat\/wp-content\/uploads\/2023\/11\/gastrogust-obrador-operaria.jpg\u00bb alt=\u00bb5a gama gastrogust\u00bb title_text=\u00bbGastroGust-Obrador-operaria\u00bb disabled_on=\u00bboff|off|on\u00bb _builder_version=\u00bb4.23.1&#8243; _module_preset=\u00bbdefault\u00bb custom_padding=\u00bb|1px|||false|false\u00bb filter_opacity=\u00bb0%\u00bb filter_opacity_tablet=\u00bb100%\u00bb filter_opacity_phone=\u00bb\u00bb filter_opacity_last_edited=\u00bbon|tablet\u00bb locked=\u00bboff\u00bb global_colors_info=\u00bb{}\u00bb][\/et_pb_image][\/et_pb_column][\/et_pb_row][et_pb_row use_custom_gutter=\u00bbon\u00bb gutter_width=\u00bb1&#8243; make_equal=\u00bbon\u00bb disabled_on=\u00bboff|off|off\u00bb _builder_version=\u00bb4.23.1&#8243; _module_preset=\u00bbdefault\u00bb hover_enabled=\u00bb0&#8243; border_width_right=\u00bb25px\u00bb border_color_right=\u00bb#f53340&#8243; border_width_left=\u00bb25px\u00bb border_color_left=\u00bb#f2deae\u00bb global_colors_info=\u00bb{}\u00bb column_structure=\u00bb3_5,2_5&#8243; sticky_enabled=\u00bb0&#8243; background_enable_image=\u00bboff\u00bb background_color=\u00bb#F2DEAE\u00bb custom_css_main_element=\u00bbalign-items:center\u00bb custom_padding=\u00bb0px|0px|0px|0px|false|false\u00bb][et_pb_column type=\u00bb3_5&#8243; _builder_version=\u00bb4.23.1&#8243; _module_preset=\u00bbdefault\u00bb custom_padding=\u00bb|0px|||false|false\u00bb custom_padding_tablet=\u00bb||||false|false\u00bb custom_padding_last_edited=\u00bboff|desktop\u00bb hover_enabled=\u00bb0&#8243; global_colors_info=\u00bb{}\u00bb sticky_enabled=\u00bb0&#8243;][et_pb_gallery gallery_ids=\u00bb658,656,837,390,653,388,387,650,378,643,645,383,646,648,649,641,279&#8243; fullwidth=\u00bbon\u00bb dbdb_version=\u00bb3.9.1&#8243; _builder_version=\u00bb4.23.1&#8243; _module_preset=\u00bbdefault\u00bb hover_enabled=\u00bb0&#8243; global_colors_info=\u00bb{}\u00bb sticky_enabled=\u00bb0&#8243; width=\u00bb100%\u00bb max_width=\u00bb100%\u00bb][\/et_pb_gallery][\/et_pb_column][et_pb_column type=\u00bb2_5&#8243; _builder_version=\u00bb4.23.1&#8243; _module_preset=\u00bbdefault\u00bb custom_padding=\u00bb15px|30px|30px|30px|false|false\u00bb custom_padding_tablet=\u00bb||||false|false\u00bb custom_padding_last_edited=\u00bboff|desktop\u00bb hover_enabled=\u00bb0&#8243; global_colors_info=\u00bb{}\u00bb sticky_enabled=\u00bb0&#8243;][et_pb_text _builder_version=\u00bb4.23.1&#8243; _module_preset=\u00bb5081e494-3da9-4201-aa24-a8b99bd66b6d\u00bb custom_margin=\u00bb15px||||false|false\u00bb hover_enabled=\u00bb0&#8243; global_colors_info=\u00bb{}\u00bb custom_padding=\u00bb0px|0px|0px|0px|false|false\u00bb sticky_enabled=\u00bb0&#8243;]<\/p>\n<p>Los productos de quinta gama son utilizados en gran cantidad de restaurantes y hoteles como instrumento complementario para la elaboraci\u00f3n de sus platos, ya que permiten obtener unos resultados \u00f3ptimos de forma m\u00e1s f\u00e1cil y econ\u00f3mica.<\/p>\n<p>La regeneraci\u00f3n del producto se puede realizar en diversas modalidades (horno, ba\u00f1o mar\u00eda, microondas) siempre con nuestro asesoramiento y formaci\u00f3n en su caso.<\/p>\n<p>[\/et_pb_text][\/et_pb_column][\/et_pb_row][\/et_pb_section]<\/p>\n","protected":false},"excerpt":{"rendered":"<p>5a GamaLos alimentos de 5a gama, tambi\u00e9n conocidos como de alta gama, son el resultado de la aplicaci\u00f3n de las nuevas tecnolog\u00edas de elaboraci\u00f3n y conservaci\u00f3n en el mundo de la gastronom\u00eda, que hacen posible disponer de platos elaborados la alta calidad. Para obtener una buena seguridad alimentaria, los productos de 5a gama est\u00e1n sometidos [&hellip;]<\/p>\n","protected":false},"author":2,"featured_media":0,"parent":0,"menu_order":0,"comment_status":"closed","ping_status":"closed","template":"","meta":{"_et_pb_use_builder":"on","_et_pb_old_content":"","_et_gb_content_width":"","content-type":""},"_links":{"self":[{"href":"https:\/\/gastrogust.cat\/es\/wp-json\/wp\/v2\/pages\/661"}],"collection":[{"href":"https:\/\/gastrogust.cat\/es\/wp-json\/wp\/v2\/pages"}],"about":[{"href":"https:\/\/gastrogust.cat\/es\/wp-json\/wp\/v2\/types\/page"}],"author":[{"embeddable":true,"href":"https:\/\/gastrogust.cat\/es\/wp-json\/wp\/v2\/users\/2"}],"replies":[{"embeddable":true,"href":"https:\/\/gastrogust.cat\/es\/wp-json\/wp\/v2\/comments?post=661"}],"version-history":[{"count":4,"href":"https:\/\/gastrogust.cat\/es\/wp-json\/wp\/v2\/pages\/661\/revisions"}],"predecessor-version":[{"id":1848,"href":"https:\/\/gastrogust.cat\/es\/wp-json\/wp\/v2\/pages\/661\/revisions\/1848"}],"wp:attachment":[{"href":"https:\/\/gastrogust.cat\/es\/wp-json\/wp\/v2\/media?parent=661"}],"curies":[{"name":"wp","href":"https:\/\/api.w.org\/{rel}","templated":true}]}}